{"id":2694,"date":"2022-02-06T02:46:52","date_gmt":"2022-02-06T01:46:52","guid":{"rendered":"https:\/\/sitsh.click\/?page_id=2694"},"modified":"2022-02-06T03:44:43","modified_gmt":"2022-02-06T02:44:43","slug":"application_mobile","status":"publish","type":"page","link":"https:\/\/wdssecurity.fr\/?page_id=2694","title":{"rendered":"application_mobile"},"content":{"rendered":"<p>[vc_section css=\u00a0\u00bb.vc_custom_1644112608238{background-color: #000000 !important;}\u00a0\u00bb][vc_row][vc_column width=\u00a0\u00bb1\/2&Prime; css=\u00a0\u00bb.vc_custom_1644113019613{padding-top: 250px !important;padding-bottom: 250px !important;background-image: url(https:\/\/sitsh.click\/wp-content\/uploads\/2022\/02\/eapp.gif?id=2698) !important;background-position: center !important;background-repeat: no-repeat !important;background-size: cover !important;}\u00a0\u00bb][\/vc_column][vc_column width=\u00a0\u00bb1\/2&Prime;][vc_custom_heading text=\u00a0\u00bbApplication Mobile<br \/>\n\u00a0\u00bb font_container=\u00a0\u00bbtag:h2|text_align:center|color:%23ffffff\u00a0\u00bb google_fonts=\u00a0\u00bbfont_family:Roboto%3A100%2C100italic%2C300%2C300italic%2Cregular%2Citalic%2C500%2C500italic%2C700%2C700italic%2C900%2C900italic|font_style:400%20regular%3A400%3Anormal\u00a0\u00bb][vc_column_text css=\u00a0\u00bb.vc_custom_1644113099690{padding-right: 50px !important;padding-left: 50px !important;}\u00a0\u00bb]<\/p>\n<p class=\"mid_text wow fadeInUp\" style=\"text-align: left; color: #fff; font-size: 14px;\" data-wow-duration=\"1s\" data-wow-delay=\".1s\">Les applications mobiles font d\u00e9sormais partie de notre quotidien. Qu\u2019elles soient \u00e0 finalit\u00e9 personnelle ou professionnelle, elles peuvent s\u2019av\u00e9rer tr\u00e8s utiles. Le nombre d\u2019utilisateurs d\u2019applications mobiles ne faisant qu\u2019augmenter, il est essentiel pour une entreprise d\u2019en mettre une \u00e0 disposition de ses clients, tout en reprenant les outils les plus demand\u00e9s par ces derniers.<\/p>\n<p class=\"mid_text wow fadeInUp\" style=\"text-align: left;color:#fff; font-size:14px;\" data-wow-duration=\"1s\" data-wow-delay=\".1s\">L\u2019application mobile permet d\u2019enrichir sa pr\u00e9sence en ligne, puisqu\u2019elle permet d\u2019\u00eatre r\u00e9f\u00e9renc\u00e9 sur les plateformes d\u2019applications telles que Play store ou App store. Avoir une application fait gagner en visibilit\u00e9, et am\u00e9liore l\u2019image de marque. C\u2019est l\u2019occasion pour une entreprise de mettre en avant son activit\u00e9, et de proposer de nouveaux services.<\/p>\n<p>[\/vc_column_text][vc_btn title=\u00a0\u00bbEn Savoir Plus\u00a0\u00bb style=\u00a0\u00bbclassic\u00a0\u00bb shape=\u00a0\u00bbround\u00a0\u00bb color=\u00a0\u00bbturquoise\u00a0\u00bb align=\u00a0\u00bbleft\u00a0\u00bb css=\u00a0\u00bb.vc_custom_1644113140981{padding-left: 50px !important;}\u00a0\u00bb][\/vc_column][\/vc_row][\/vc_section][vc_section][vc_row][vc_column][vc_custom_heading text=\u00a0\u00bbIl existe deux grandes types d&rsquo;applications mobiles<br \/>\n\u00a0\u00bb font_container=\u00a0\u00bbtag:h4|font_size:25|text_align:center\u00a0\u00bb google_fonts=\u00a0\u00bbfont_family:Roboto%20Slab%3A100%2C300%2Cregular%2C700|font_style:400%20regular%3A400%3Anormal\u00a0\u00bb][vc_row_inner css=\u00a0\u00bb.vc_custom_1644113212958{margin-top: 30px !important;}\u00a0\u00bb][vc_column_inner el_class=\u00a0\u00bbbloc2&Prime; width=\u00a0\u00bb1\/2&Prime;][vc_single_image image=\u00a0\u00bb2700&Prime; img_size=\u00a0\u00bb50&#215;50&Prime; alignment=\u00a0\u00bbcenter\u00a0\u00bb][vc_column_text css=\u00a0\u00bb.vc_custom_1644113381416{padding-right: 50px !important;padding-left: 50px !important;}\u00a0\u00bb]<\/p>\n<div class=\"col-xl-6 col-md-6\">\n<div class=\"single_service text-center wow fadeInLeft\" data-wow-duration=\"1.2s\" data-wow-delay=\".2s\">\n<p>Une application Android est une application sp\u00e9cifiquement d\u00e9velopp\u00e9e pour les smartphones utilisant le syst\u00e8me Open Source Android achet\u00e9 et d\u00e9velopp\u00e9 par Google. Depuis des ann\u00e9es, Android ne cesse de s&rsquo;am\u00e9liorer et de se d\u00e9velopper pour rendre ce syst\u00e8me le meilleur parmi ses concurrents. De plus, Google a rendu ce syst\u00e8me le plus utilis\u00e9 et le plus facile \u00e0 utiliser tout en gardant un certain niveau de securit\u00e9 et de fiabilit\u00e9.<\/p>\n<\/div>\n<\/div>\n<div class=\"col-xl-6 col-md-6\">\n<div class=\"single_service text-center wow fadeInUp\" data-wow-duration=\"1s\" data-wow-delay=\".3s\"><\/div>\n<\/div>\n<p>[\/vc_column_text][vc_custom_heading text=\u00a0\u00bbApplication Android<br \/>\n\u00a0\u00bb font_container=\u00a0\u00bbtag:h4|text_align:center\u00a0\u00bb google_fonts=\u00a0\u00bbfont_family:Roboto%3A100%2C100italic%2C300%2C300italic%2Cregular%2Citalic%2C500%2C500italic%2C700%2C700italic%2C900%2C900italic|font_style:900%20bold%20regular%3A900%3Anormal\u00a0\u00bb][\/vc_column_inner][vc_column_inner el_class=\u00a0\u00bbbloc2&Prime; width=\u00a0\u00bb1\/2&Prime;][vc_single_image image=\u00a0\u00bb2699&Prime; img_size=\u00a0\u00bb50&#215;50&Prime; alignment=\u00a0\u00bbcenter\u00a0\u00bb][vc_custom_heading text=\u00a0\u00bbApplication iOS<br \/>\n\u00a0\u00bb font_container=\u00a0\u00bbtag:h4|text_align:center\u00a0\u00bb google_fonts=\u00a0\u00bbfont_family:Roboto%3A100%2C100italic%2C300%2C300italic%2Cregular%2Citalic%2C500%2C500italic%2C700%2C700italic%2C900%2C900italic|font_style:900%20bold%20regular%3A900%3Anormal\u00a0\u00bb][vc_column_text css=\u00a0\u00bb.vc_custom_1644113421608{padding-right: 50px !important;padding-left: 50px !important;}\u00a0\u00bb]<\/p>\n<div class=\"col-xl-6 col-md-6\">\n<div class=\"single_service text-center wow fadeInLeft\" data-wow-duration=\"1.2s\" data-wow-delay=\".2s\">\n<div class=\"row\">\n<div class=\"col-xl-6 col-md-6\">\n<div class=\"single_service text-center wow fadeInUp\" data-wow-duration=\"1s\" data-wow-delay=\".3s\">\n<p>iOS est le syst\u00e8me d&rsquo;exploitation (OS) mobile propri\u00e9taire d&rsquo;Apple pour ses appareils portables tels que l&rsquo;iPhone, l&rsquo;iPad et l&rsquo;iPod. Contrairement \u00e0 Android, Ios est un syst\u00e8me qui s&rsquo;execute exclusivement sur les appreils Apple donc on l&rsquo;appelle Closed Source. Il est d\u00e9riv\u00e9 de Mac OS X dont il partage le c\u0153ur du syst\u00e8me. &#8230; Un acc\u00e8s direct au catalogue Apple Store : applications, musique, podcasts, \u00e9missions de t\u00e9l\u00e9vision et films.<\/p>\n<\/div>\n<\/div>\n<\/div>\n<div class=\"section_title text-center mb-70\"><\/div>\n<\/div>\n<\/div>\n<p>[\/vc_column_text][\/vc_column_inner][\/vc_row_inner][\/vc_column][\/vc_row][\/vc_section][vc_section css=\u00a0\u00bb.vc_custom_1644113465299{background-color: #f7f7f7 !important;}\u00a0\u00bb][vc_row][vc_column][vc_custom_heading text=\u00a0\u00bbIl y a les applications multiplateformes<br \/>\n\u00a0\u00bb font_container=\u00a0\u00bbtag:h2|text_align:center\u00a0\u00bb google_fonts=\u00a0\u00bbfont_family:Roboto%3A100%2C100italic%2C300%2C300italic%2Cregular%2Citalic%2C500%2C500italic%2C700%2C700italic%2C900%2C900italic|font_style:500%20bold%20italic%3A500%3Aitalic\u00a0\u00bb][vc_single_image image=\u00a0\u00bb2701&Prime; img_size=\u00a0\u00bbfull\u00a0\u00bb alignment=\u00a0\u00bbcenter\u00a0\u00bb][vc_column_text css=\u00a0\u00bb.vc_custom_1644113585931{padding-left: 50px !important;}\u00a0\u00bb el_class=\u00a0\u00bbtxt\u00a0\u00bb]<\/p>\n<p>Une application multiplateforme est une application d\u00e9velopp\u00e9e pour s&rsquo;executer sur tous les syst\u00e8mes d&rsquo;exploitation mobile de la m\u00eame mani\u00e8re et avec le m\u00eame int\u00e9rface utilisateur.<\/p>\n<p style=\"text-align: left;\">Le besoin d\u2019une application mobile est souvent li\u00e9 \u00e0 l\u2019accessibilit\u00e9 car l\u2019usage du smartphone et des applications mobiles a explos\u00e9. Les marques cherchent \u00e0 \u00eatre accessibles pour la majorit\u00e9 des utilisateurs et ciblent alors les deux plateformes les plus utilis\u00e9es : iOS et Android. Les fonctionnalit\u00e9s sont g\u00e9n\u00e9ralement similaires sur les deux plateformes. Lorsqu\u2019elles ciblent plusieurs plateformes et que les applications partagent le m\u00eame besoin fonctionnel, il est alors int\u00e9ressant de partager la m\u00eame base de code.<\/p>\n<p>En plus de pouvoir maintenir une coh\u00e9rence graphique, les applications multiplateformes permettent de cr\u00e9er des interfaces utilisateurs avec un rendu proche du natif, des interactions et des animations satisfaisantes, contrairement au rendu des applications web.<\/p>\n<p>[\/vc_column_text][\/vc_column][\/vc_row][\/vc_section][vc_section][vc_row][vc_column][vc_custom_heading text=\u00a0\u00bbInt\u00e9gration des diff\u00e9rents API&rsquo;s et services de Google pour une meilleure exp\u00e9rience utilisateur<br \/>\n\u00a0\u00bb font_container=\u00a0\u00bbtag:h3|text_align:center\u00a0\u00bb google_fonts=\u00a0\u00bbfont_family:Roboto%3A100%2C100italic%2C300%2C300italic%2Cregular%2Citalic%2C500%2C500italic%2C700%2C700italic%2C900%2C900italic|font_style:400%20regular%3A400%3Anormal\u00a0\u00bb css=\u00a0\u00bb.vc_custom_1644113693216{padding-right: 50px !important;padding-left: 50px !important;}\u00a0\u00bb][vc_row_inner][vc_column_inner width=\u00a0\u00bb1\/6&Prime;][\/vc_column_inner][vc_column_inner width=\u00a0\u00bb1\/6&Prime;][vc_single_image image=\u00a0\u00bb2702&Prime; img_size=\u00a0\u00bb100&#215;100&Prime; alignment=\u00a0\u00bbcenter\u00a0\u00bb style=\u00a0\u00bbvc_box_circle\u00a0\u00bb][vc_custom_heading text=\u00a0\u00bbFirebase\u00a0\u00bb font_container=\u00a0\u00bbtag:h4|text_align:center\u00a0\u00bb google_fonts=\u00a0\u00bbfont_family:Roboto%3A100%2C100italic%2C300%2C300italic%2Cregular%2Citalic%2C500%2C500italic%2C700%2C700italic%2C900%2C900italic|font_style:900%20bold%20italic%3A900%3Aitalic\u00a0\u00bb][\/vc_column_inner][vc_column_inner width=\u00a0\u00bb1\/6&Prime;][vc_single_image image=\u00a0\u00bb2703&Prime; img_size=\u00a0\u00bb100&#215;100&Prime; alignment=\u00a0\u00bbcenter\u00a0\u00bb style=\u00a0\u00bbvc_box_circle\u00a0\u00bb][vc_custom_heading text=\u00a0\u00bbGoogle Cloud<br \/>\n\u00a0\u00bb font_container=\u00a0\u00bbtag:h4|text_align:center\u00a0\u00bb google_fonts=\u00a0\u00bbfont_family:Roboto%3A100%2C100italic%2C300%2C300italic%2Cregular%2Citalic%2C500%2C500italic%2C700%2C700italic%2C900%2C900italic|font_style:900%20bold%20italic%3A900%3Aitalic\u00a0\u00bb][\/vc_column_inner][vc_column_inner width=\u00a0\u00bb1\/6&Prime;][vc_single_image image=\u00a0\u00bb2704&Prime; img_size=\u00a0\u00bb100&#215;100&Prime; alignment=\u00a0\u00bbcenter\u00a0\u00bb style=\u00a0\u00bbvc_box_circle\u00a0\u00bb][vc_custom_heading text=\u00a0\u00bbFlutter\u00a0\u00bb font_container=\u00a0\u00bbtag:h4|text_align:center\u00a0\u00bb google_fonts=\u00a0\u00bbfont_family:Roboto%3A100%2C100italic%2C300%2C300italic%2Cregular%2Citalic%2C500%2C500italic%2C700%2C700italic%2C900%2C900italic|font_style:900%20bold%20italic%3A900%3Aitalic\u00a0\u00bb][\/vc_column_inner][vc_column_inner width=\u00a0\u00bb1\/6&Prime;][vc_single_image image=\u00a0\u00bb2706&Prime; img_size=\u00a0\u00bb100&#215;100&Prime; alignment=\u00a0\u00bbcenter\u00a0\u00bb style=\u00a0\u00bbvc_box_circle\u00a0\u00bb][vc_custom_heading text=\u00a0\u00bbGoogle Analytics<br \/>\n\u00a0\u00bb font_container=\u00a0\u00bbtag:h4|text_align:center\u00a0\u00bb google_fonts=\u00a0\u00bbfont_family:Roboto%3A100%2C100italic%2C300%2C300italic%2Cregular%2Citalic%2C500%2C500italic%2C700%2C700italic%2C900%2C900italic|font_style:900%20bold%20italic%3A900%3Aitalic\u00a0\u00bb][\/vc_column_inner][vc_column_inner width=\u00a0\u00bb1\/6&Prime;][\/vc_column_inner][\/vc_row_inner][\/vc_column][\/vc_row][\/vc_section][vc_section][vc_row][vc_column width=\u00a0\u00bb1\/2&Prime;][vc_single_image image=\u00a0\u00bb2710&Prime; alignment=\u00a0\u00bbcenter\u00a0\u00bb][vc_custom_heading text=\u00a0\u00bbReact Native<br \/>\n\u00a0\u00bb font_container=\u00a0\u00bbtag:h4|text_align:center\u00a0\u00bb google_fonts=\u00a0\u00bbfont_family:Roboto%3A100%2C100italic%2C300%2C300italic%2Cregular%2Citalic%2C500%2C500italic%2C700%2C700italic%2C900%2C900italic|font_style:700%20bold%20italic%3A700%3Aitalic\u00a0\u00bb][vc_column_text css=\u00a0\u00bb.vc_custom_1644115102848{padding-right: 30px !important;padding-left: 30px !important;}\u00a0\u00bb]<\/p>\n<div class=\"col-xl-6 col-md-6\">\n<div class=\"single_service text-center wow fadeInLeft\" data-wow-duration=\"1s\" data-wow-delay=\".2s\">\n<p>React Native est l&rsquo;un des frameworks les plus populaires pour le d\u00e9veloppement d&rsquo;applications mobiles. Initialement construit par facebook, il est utilis\u00e9 pour le d\u00e9veloppement des deux plates-formes Android et iOS.<\/p>\n<\/div>\n<\/div>\n<div class=\"col-xl-6 col-md-6\">\n<div class=\"single_service text-center wow fadeInUp\" data-wow-duration=\"1s\" data-wow-delay=\".3s\"><\/div>\n<\/div>\n<p>[\/vc_column_text][\/vc_column][vc_column width=\u00a0\u00bb1\/2&Prime;][vc_single_image image=\u00a0\u00bb2711&Prime; alignment=\u00a0\u00bbcenter\u00a0\u00bb][vc_custom_heading text=\u00a0\u00bbXamarin\u00a0\u00bb font_container=\u00a0\u00bbtag:h4|text_align:center\u00a0\u00bb google_fonts=\u00a0\u00bbfont_family:Roboto%3A100%2C100italic%2C300%2C300italic%2Cregular%2Citalic%2C500%2C500italic%2C700%2C700italic%2C900%2C900italic|font_style:700%20bold%20italic%3A700%3Aitalic\u00a0\u00bb][vc_column_text css=\u00a0\u00bb.vc_custom_1644115198700{padding-right: 30px !important;padding-left: 30px !important;}\u00a0\u00bb]<\/p>\n<div class=\"col-xl-6 col-md-6\">\n<div class=\"single_service text-center wow fadeInLeft\" data-wow-duration=\"1s\" data-wow-delay=\".2s\">\n<div class=\"col-xl-6 col-md-6\">\n<div class=\"single_service text-center wow fadeInUp\" data-wow-duration=\"1s\" data-wow-delay=\".3s\">\n<p>Rachet\u00e9 par Microsoft, Xamarin est \u00e9galement une infrastructure de d\u00e9veloppement d&rsquo;applications mobiles multiplateforme open source, qui utilise \u00e9galement la m\u00eame base de code pour les applications iOS et Android.<\/p>\n<\/div>\n<\/div>\n<div class=\"col-xl-6 col-md-6\">\n<div class=\"single_service text-center wow fadeInRight\" data-wow-duration=\"1s\" data-wow-delay=\".4s\"><\/div>\n<\/div>\n<\/div>\n<\/div>\n<p>[\/vc_column_text][\/vc_column][\/vc_row][vc_row][vc_column width=\u00a0\u00bb1\/2&Prime;][vc_single_image image=\u00a0\u00bb2712&Prime; alignment=\u00a0\u00bbcenter\u00a0\u00bb][vc_custom_heading text=\u00a0\u00bbCordova\u00a0\u00bb font_container=\u00a0\u00bbtag:h4|text_align:center\u00a0\u00bb google_fonts=\u00a0\u00bbfont_family:Roboto%3A100%2C100italic%2C300%2C300italic%2Cregular%2Citalic%2C500%2C500italic%2C700%2C700italic%2C900%2C900italic|font_style:700%20bold%20italic%3A700%3Aitalic\u00a0\u00bb][vc_column_text css=\u00a0\u00bb.vc_custom_1644115269597{padding-right: 30px !important;padding-left: 30px !important;}\u00a0\u00bb]<\/p>\n<div class=\"col-xl-6 col-md-6\">\n<div class=\"single_service text-center wow fadeInLeft\" data-wow-duration=\"1s\" data-wow-delay=\".2s\">\n<div class=\"col-xl-6 col-md-6\">\n<div class=\"single_service text-center wow fadeInRight\" data-wow-duration=\"1s\" data-wow-delay=\".4s\">\n<p>Apache Cordova ou plus anciennement Apache Callback ou PhoneGap, est un framework open-source d\u00e9velopp\u00e9 par la Fondation Apache. Il permet de cr\u00e9er des applications pour diff\u00e9rentes plateformes en HTML, CSS et JavaScript.<\/p>\n<\/div>\n<\/div>\n<div class=\"col-xl-6 col-md-6\">\n<div class=\"single_service text-center wow fadeInLeft\" data-wow-duration=\"1s\" data-wow-delay=\".5s\"><\/div>\n<\/div>\n<\/div>\n<\/div>\n<p>[\/vc_column_text][\/vc_column][vc_column width=\u00a0\u00bb1\/2&Prime;][vc_single_image image=\u00a0\u00bb2704&Prime; alignment=\u00a0\u00bbcenter\u00a0\u00bb][vc_custom_heading text=\u00a0\u00bbFlutter\u00a0\u00bb font_container=\u00a0\u00bbtag:h4|text_align:center\u00a0\u00bb google_fonts=\u00a0\u00bbfont_family:Roboto%3A100%2C100italic%2C300%2C300italic%2Cregular%2Citalic%2C500%2C500italic%2C700%2C700italic%2C900%2C900italic|font_style:700%20bold%20italic%3A700%3Aitalic\u00a0\u00bb][vc_column_text css=\u00a0\u00bb.vc_custom_1644115287575{padding-right: 30px !important;padding-left: 30px !important;}\u00a0\u00bb]<\/p>\n<div class=\"col-xl-6 col-md-6\">\n<div class=\"single_service text-center wow fadeInLeft\" data-wow-duration=\"1s\" data-wow-delay=\".2s\">\n<div class=\"col-xl-6 col-md-6\">\n<div class=\"single_service text-center wow fadeInUp\" data-wow-duration=\"1s\" data-wow-delay=\".3s\">\n<div class=\"service_area\">\n<div class=\"container\">\n<div class=\"row\">\n<div class=\"col-xl-6 col-md-6\">\n<div class=\"single_service text-center wow fadeInLeft\" data-wow-duration=\"1s\" data-wow-delay=\".5s\">\n<p>Lanc\u00e9 par Google est un framework de d\u00e9veloppement d&rsquo;application mobile. Flutter est populaire pour cr\u00e9er des applications rapides, belles et compil\u00e9es en natif pour les applications mobiles et Web \u00e9crites par le language cr\u00e9e aussi par Google, Dart.<\/p>\n<\/div>\n<\/div>\n<\/div>\n<\/div>\n<\/div>\n<\/div>\n<\/div>\n<\/div>\n<\/div>\n<p>[\/vc_column_text][\/vc_column][\/vc_row][\/vc_section]<\/p>\n","protected":false},"excerpt":{"rendered":"<p>[vc_section css=\u00a0\u00bb.vc_custom_1644112608238{background-color: #000000 !important;}\u00a0\u00bb][vc_row][vc_column width=\u00a0\u00bb1\/2&Prime; css=\u00a0\u00bb.vc_custom_1644113019613{padding-top: 250px !important;padding-bottom: 250px !important;background-image: url(https:\/\/sitsh.click\/wp-content\/uploads\/2022\/02\/eapp.gif?id=2698) !important;background-position: center !important;background-repeat: no-repeat !important;background-size: cover !important;}\u00a0\u00bb][\/vc_column][vc_column width=\u00a0\u00bb1\/2&Prime;][vc_custom_heading text=\u00a0\u00bbApplication Mobile \u00a0\u00bb font_container=\u00a0\u00bbtag:h2|text_align:center|color:%23ffffff\u00a0\u00bb google_fonts=\u00a0\u00bbfont_family:Roboto%3A100%2C100italic%2C300%2C300italic%2Cregular%2Citalic%2C500%2C500italic%2C700%2C700italic%2C900%2C900italic|font_style:400%20regular%3A400%3Anormal\u00a0\u00bb][vc_column_text css=\u00a0\u00bb.vc_custom_1644113099690{padding-right: [&hellip;]<\/p>\n","protected":false},"author":1,"featured_media":0,"parent":0,"menu_order":0,"comment_status":"closed","ping_status":"closed","template":"redux-templates_contained","meta":{"footnotes":""},"class_list":["post-2694","page","type-page","status-publish","hentry"],"yoast_head":"<!-- This site is optimized with the Yoast SEO plugin v26.9 - https:\/\/yoast.com\/product\/yoast-seo-wordpress\/ -->\n<title>application_mobile - WDS Security<\/title>\n<meta name=\"robots\" content=\"index, follow, max-snippet:-1, max-image-preview:large, max-video-preview:-1\" \/>\n<link rel=\"canonical\" href=\"https:\/\/wdssecurity.fr\/?page_id=2694\" \/>\n<meta property=\"og:locale\" content=\"fr_FR\" \/>\n<meta property=\"og:type\" content=\"article\" \/>\n<meta property=\"og:title\" content=\"application_mobile - WDS Security\" \/>\n<meta property=\"og:description\" content=\"[vc_section css=\u00a0\u00bb.vc_custom_1644112608238{background-color: #000000 !important;}\u00a0\u00bb][vc_row][vc_column width=\u00a0\u00bb1\/2&Prime; css=\u00a0\u00bb.vc_custom_1644113019613{padding-top: 250px !important;padding-bottom: 250px !important;background-image: url(https:\/\/sitsh.click\/wp-content\/uploads\/2022\/02\/eapp.gif?id=2698) !important;background-position: center !important;background-repeat: no-repeat !important;background-size: cover !important;}\u00a0\u00bb][\/vc_column][vc_column width=\u00a0\u00bb1\/2&Prime;][vc_custom_heading text=\u00a0\u00bbApplication Mobile \u00a0\u00bb font_container=\u00a0\u00bbtag:h2|text_align:center|color:%23ffffff\u00a0\u00bb google_fonts=\u00a0\u00bbfont_family:Roboto%3A100%2C100italic%2C300%2C300italic%2Cregular%2Citalic%2C500%2C500italic%2C700%2C700italic%2C900%2C900italic|font_style:400%20regular%3A400%3Anormal\u00a0\u00bb][vc_column_text css=\u00a0\u00bb.vc_custom_1644113099690{padding-right: [&hellip;]\" \/>\n<meta property=\"og:url\" content=\"https:\/\/wdssecurity.fr\/?page_id=2694\" \/>\n<meta property=\"og:site_name\" content=\"WDS Security\" \/>\n<meta property=\"article:modified_time\" content=\"2022-02-06T02:44:43+00:00\" \/>\n<meta name=\"twitter:card\" content=\"summary_large_image\" \/>\n<meta name=\"twitter:label1\" content=\"Dur\u00e9e de lecture estim\u00e9e\" \/>\n\t<meta name=\"twitter:data1\" content=\"8 minutes\" \/>\n<script type=\"application\/ld+json\" class=\"yoast-schema-graph\">{\"@context\":\"https:\/\/schema.org\",\"@graph\":[{\"@type\":\"WebPage\",\"@id\":\"https:\/\/wdssecurity.fr\/?page_id=2694\",\"url\":\"https:\/\/wdssecurity.fr\/?page_id=2694\",\"name\":\"application_mobile - WDS Security\",\"isPartOf\":{\"@id\":\"https:\/\/wdssecurity.fr\/#website\"},\"datePublished\":\"2022-02-06T01:46:52+00:00\",\"dateModified\":\"2022-02-06T02:44:43+00:00\",\"breadcrumb\":{\"@id\":\"https:\/\/wdssecurity.fr\/?page_id=2694#breadcrumb\"},\"inLanguage\":\"fr-FR\",\"potentialAction\":[{\"@type\":\"ReadAction\",\"target\":[\"https:\/\/wdssecurity.fr\/?page_id=2694\"]}]},{\"@type\":\"BreadcrumbList\",\"@id\":\"https:\/\/wdssecurity.fr\/?page_id=2694#breadcrumb\",\"itemListElement\":[{\"@type\":\"ListItem\",\"position\":1,\"name\":\"Accueil\",\"item\":\"https:\/\/wdssecurity.fr\/\"},{\"@type\":\"ListItem\",\"position\":2,\"name\":\"application_mobile\"}]},{\"@type\":\"WebSite\",\"@id\":\"https:\/\/wdssecurity.fr\/#website\",\"url\":\"https:\/\/wdssecurity.fr\/\",\"name\":\"WDS Security\",\"description\":\"\",\"potentialAction\":[{\"@type\":\"SearchAction\",\"target\":{\"@type\":\"EntryPoint\",\"urlTemplate\":\"https:\/\/wdssecurity.fr\/?s={search_term_string}\"},\"query-input\":{\"@type\":\"PropertyValueSpecification\",\"valueRequired\":true,\"valueName\":\"search_term_string\"}}],\"inLanguage\":\"fr-FR\"}]}<\/script>\n<!-- \/ Yoast SEO plugin. -->","yoast_head_json":{"title":"application_mobile - WDS Security","robots":{"index":"index","follow":"follow","max-snippet":"max-snippet:-1","max-image-preview":"max-image-preview:large","max-video-preview":"max-video-preview:-1"},"canonical":"https:\/\/wdssecurity.fr\/?page_id=2694","og_locale":"fr_FR","og_type":"article","og_title":"application_mobile - WDS Security","og_description":"[vc_section css=\u00a0\u00bb.vc_custom_1644112608238{background-color: #000000 !important;}\u00a0\u00bb][vc_row][vc_column width=\u00a0\u00bb1\/2&Prime; css=\u00a0\u00bb.vc_custom_1644113019613{padding-top: 250px !important;padding-bottom: 250px !important;background-image: url(https:\/\/sitsh.click\/wp-content\/uploads\/2022\/02\/eapp.gif?id=2698) !important;background-position: center !important;background-repeat: no-repeat !important;background-size: cover !important;}\u00a0\u00bb][\/vc_column][vc_column width=\u00a0\u00bb1\/2&Prime;][vc_custom_heading text=\u00a0\u00bbApplication Mobile \u00a0\u00bb font_container=\u00a0\u00bbtag:h2|text_align:center|color:%23ffffff\u00a0\u00bb google_fonts=\u00a0\u00bbfont_family:Roboto%3A100%2C100italic%2C300%2C300italic%2Cregular%2Citalic%2C500%2C500italic%2C700%2C700italic%2C900%2C900italic|font_style:400%20regular%3A400%3Anormal\u00a0\u00bb][vc_column_text css=\u00a0\u00bb.vc_custom_1644113099690{padding-right: [&hellip;]","og_url":"https:\/\/wdssecurity.fr\/?page_id=2694","og_site_name":"WDS Security","article_modified_time":"2022-02-06T02:44:43+00:00","twitter_card":"summary_large_image","twitter_misc":{"Dur\u00e9e de lecture estim\u00e9e":"8 minutes"},"schema":{"@context":"https:\/\/schema.org","@graph":[{"@type":"WebPage","@id":"https:\/\/wdssecurity.fr\/?page_id=2694","url":"https:\/\/wdssecurity.fr\/?page_id=2694","name":"application_mobile - WDS Security","isPartOf":{"@id":"https:\/\/wdssecurity.fr\/#website"},"datePublished":"2022-02-06T01:46:52+00:00","dateModified":"2022-02-06T02:44:43+00:00","breadcrumb":{"@id":"https:\/\/wdssecurity.fr\/?page_id=2694#breadcrumb"},"inLanguage":"fr-FR","potentialAction":[{"@type":"ReadAction","target":["https:\/\/wdssecurity.fr\/?page_id=2694"]}]},{"@type":"BreadcrumbList","@id":"https:\/\/wdssecurity.fr\/?page_id=2694#breadcrumb","itemListElement":[{"@type":"ListItem","position":1,"name":"Accueil","item":"https:\/\/wdssecurity.fr\/"},{"@type":"ListItem","position":2,"name":"application_mobile"}]},{"@type":"WebSite","@id":"https:\/\/wdssecurity.fr\/#website","url":"https:\/\/wdssecurity.fr\/","name":"WDS Security","description":"","potentialAction":[{"@type":"SearchAction","target":{"@type":"EntryPoint","urlTemplate":"https:\/\/wdssecurity.fr\/?s={search_term_string}"},"query-input":{"@type":"PropertyValueSpecification","valueRequired":true,"valueName":"search_term_string"}}],"inLanguage":"fr-FR"}]}},"_links":{"self":[{"href":"https:\/\/wdssecurity.fr\/index.php?rest_route=\/wp\/v2\/pages\/2694","targetHints":{"allow":["GET"]}}],"collection":[{"href":"https:\/\/wdssecurity.fr\/index.php?rest_route=\/wp\/v2\/pages"}],"about":[{"href":"https:\/\/wdssecurity.fr\/index.php?rest_route=\/wp\/v2\/types\/page"}],"author":[{"embeddable":true,"href":"https:\/\/wdssecurity.fr\/index.php?rest_route=\/wp\/v2\/users\/1"}],"replies":[{"embeddable":true,"href":"https:\/\/wdssecurity.fr\/index.php?rest_route=%2Fwp%2Fv2%2Fcomments&post=2694"}],"version-history":[{"count":4,"href":"https:\/\/wdssecurity.fr\/index.php?rest_route=\/wp\/v2\/pages\/2694\/revisions"}],"predecessor-version":[{"id":2713,"href":"https:\/\/wdssecurity.fr\/index.php?rest_route=\/wp\/v2\/pages\/2694\/revisions\/2713"}],"wp:attachment":[{"href":"https:\/\/wdssecurity.fr\/index.php?rest_route=%2Fwp%2Fv2%2Fmedia&parent=2694"}],"curies":[{"name":"wp","href":"https:\/\/api.w.org\/{rel}","templated":true}]}}